{"id":240499,"date":"2020-10-02T16:04:06","date_gmt":"2020-10-02T14:04:06","guid":{"rendered":"https:\/\/anma.fr\/?page_id=240499"},"modified":"2026-03-11T16:26:20","modified_gmt":"2026-03-11T15:26:20","slug":"fondation","status":"publish","type":"page","link":"https:\/\/anma.fr\/fr\/fondation\/","title":{"rendered":"Fondation"},"content":{"rendered":"<p>[et_pb_section fb_built=\u00a0\u00bb1&Prime; admin_label=\u00a0\u00bbFicheProjet\u00a0\u00bb module_id=\u00a0\u00bbpage-attitude\u00a0\u00bb _builder_version=\u00a0\u00bb4.16&Prime; background_enable_color=\u00a0\u00bboff\u00a0\u00bb custom_margin=\u00a0\u00bb0px|0px|0px|0px|false|false\u00a0\u00bb custom_padding=\u00a0\u00bb0px|0px|0px|0px|false|false\u00a0\u00bb bottom_divider_color=\u00a0\u00bb#ffffff\u00a0\u00bb bottom_divider_height=\u00a0\u00bb10vw\u00a0\u00bb animation_direction=\u00a0\u00bbbottom\u00a0\u00bb locked=\u00a0\u00bboff\u00a0\u00bb collapsed=\u00a0\u00bboff\u00a0\u00bb global_colors_info=\u00a0\u00bb{}\u00a0\u00bb][et_pb_row admin_label=\u00a0\u00bbSlider\u00a0\u00bb module_class=\u00a0\u00bbdiapo\u00a0\u00bb _builder_version=\u00a0\u00bb4.16&Prime; width=\u00a0\u00bb100%\u00a0\u00bb max_width=\u00a0\u00bb100%\u00a0\u00bb overflow-x=\u00a0\u00bbhidden\u00a0\u00bb overflow-y=\u00a0\u00bbhidden\u00a0\u00bb custom_margin=\u00a0\u00bb||||false|false\u00a0\u00bb custom_padding=\u00a0\u00bb0px||0px||true|false\u00a0\u00bb animation_direction=\u00a0\u00bbbottom\u00a0\u00bb overflow-x_last_edited=\u00a0\u00bboff|phone\u00a0\u00bb overflow-y_last_edited=\u00a0\u00bboff|phone\u00a0\u00bb global_colors_info=\u00a0\u00bb{}\u00a0\u00bb][et_pb_column type=\u00a0\u00bb4_4&Prime; module_class=\u00a0\u00bbcarousel-container\u00a0\u00bb admin_label=\u00a0\u00bbSlider\u00a0\u00bb _builder_version=\u00a0\u00bb4.16&Prime; custom_padding=\u00a0\u00bb||||false|false\u00a0\u00bb global_colors_info=\u00a0\u00bb{}\u00a0\u00bb][et_pb_image src=\u00a0\u00bbhttps:\/\/anma.fr\/wp-content\/uploads\/2020\/09\/13.jpg\u00a0\u00bb alt=\u00a0\u00bbANMA 9 cour des Petites \u00c9curies\u00a0\u00bb title_text=\u00a0\u00bbANMA 7\u00e8me Verre\u00a0\u00bb admin_label=\u00a0\u00bbVideo\u00a0\u00bb module_class=\u00a0\u00bbcarrousel-cell\u00a0\u00bb _builder_version=\u00a0\u00bb4.16&Prime; background_color=\u00a0\u00bbrgba(0,0,0,0)\u00a0\u00bb background_video_mp4=\u00a0\u00bbhttps:\/\/anma.fr\/wp-content\/uploads\/2020\/09\/13.mp4&Prime; allow_player_pause=\u00a0\u00bbon\u00a0\u00bb custom_margin=\u00a0\u00bb||||false|false\u00a0\u00bb custom_padding=\u00a0\u00bb|0px||||\u00a0\u00bb border_color_all=\u00a0\u00bb#ffffff\u00a0\u00bb global_colors_info=\u00a0\u00bb{}\u00a0\u00bb][\/et_pb_image][et_pb_text content_last_edited=\u00a0\u00bboff|desktop\u00a0\u00bb disabled_on=\u00a0\u00bboff|off|off\u00a0\u00bb admin_label=\u00a0\u00bbDANS LE D\u00c9BAT PUBLIC ARCHITECTURE ET URBANISME\u00a0\u00bb module_id=\u00a0\u00bbValeurs\u00a0\u00bb module_class=\u00a0\u00bbcarrousel-cell\u00a0\u00bb _builder_version=\u00a0\u00bb4.27.4&Prime; text_text_color=\u00a0\u00bb#000000&Prime; text_font_size=\u00a0\u00bb1.07em\u00a0\u00bb header_font=\u00a0\u00bb|300|||||||\u00a0\u00bb header_font_size=\u00a0\u00bb1.56em\u00a0\u00bb header_2_font=\u00a0\u00bb|300||on|||||\u00a0\u00bb header_2_font_size=\u00a0\u00bb2.14em\u00a0\u00bb header_3_font=\u00a0\u00bb|300|||||||\u00a0\u00bb header_3_text_color=\u00a0\u00bb#000000&Prime; header_3_line_height=\u00a0\u00bb1.3em\u00a0\u00bb background_color=\u00a0\u00bb#ededed\u00a0\u00bb width=\u00a0\u00bb29.38em\u00a0\u00bb width_tablet=\u00a0\u00bb98%\u00a0\u00bb width_phone=\u00a0\u00bb98%\u00a0\u00bb width_last_edited=\u00a0\u00bbon|desktop\u00a0\u00bb height=\u00a0\u00bb100%\u00a0\u00bb max_height=\u00a0\u00bb1080px\u00a0\u00bb overflow-x=\u00a0\u00bbhidden\u00a0\u00bb overflow-y=\u00a0\u00bbhidden\u00a0\u00bb custom_margin=\u00a0\u00bb||||false|false\u00a0\u00bb custom_padding=\u00a0\u00bb14.38em|1.25em||1.25em|false|true\u00a0\u00bb custom_padding_tablet=\u00a0\u00bb\u00a0\u00bb custom_padding_phone=\u00a0\u00bb5em||||false|true\u00a0\u00bb custom_padding_last_edited=\u00a0\u00bbon|phone\u00a0\u00bb text_font_size_tablet=\u00a0\u00bb\u00a0\u00bb text_font_size_phone=\u00a0\u00bb0.97em\u00a0\u00bb text_font_size_last_edited=\u00a0\u00bbon|phone\u00a0\u00bb header_font_size_tablet=\u00a0\u00bb\u00a0\u00bb header_font_size_phone=\u00a0\u00bb\u00a0\u00bb header_font_size_last_edited=\u00a0\u00bbon|phone\u00a0\u00bb header_2_font_size_tablet=\u00a0\u00bb\u00a0\u00bb header_2_font_size_phone=\u00a0\u00bb1.57em\u00a0\u00bb header_2_font_size_last_edited=\u00a0\u00bbon|desktop\u00a0\u00bb overflow-x_tablet=\u00a0\u00bb\u00a0\u00bb overflow-x_phone=\u00a0\u00bb\u00a0\u00bb overflow-x_last_edited=\u00a0\u00bbon|phone\u00a0\u00bb overflow-y_tablet=\u00a0\u00bbhidden\u00a0\u00bb overflow-y_phone=\u00a0\u00bbhidden\u00a0\u00bb overflow-y_last_edited=\u00a0\u00bbon|desktop\u00a0\u00bb global_module=\u00a0\u00bb231659&Prime; saved_tabs=\u00a0\u00bball\u00a0\u00bb global_colors_info=\u00a0\u00bb{}\u00a0\u00bb]<\/p>\n<h2><strong>BIODIVERSIT\u00c9S URBAINEs<br \/><\/strong>&amp; INT\u00c9R\u00caT G\u00c9N\u00c9RAL<\/h2>\n<p>&nbsp;<\/p>\n<p>La Fondation d\u2019entreprise ANMA a pris vie en 2013 au sein d\u2019un lieu d\u2019exposition et de rencontres \u00ab la manne \u00bb, dans le 10\u00e8me arrondissement de Paris. Depuis 2019, l\u2019aventure continue sous une nouvelle forme.<\/p>\n<p>La Fondation a pour vocation de soutenir, accompagner et promouvoir des projets pour pr\u00e9server les biodiversit\u00e9s. Elle questionne l\u2019incidence des probl\u00e8mes \u00e9cologiques &#8211; r\u00e9chauffement climatique, perte de la biodiversit\u00e9 &#8211; \u00e9conomiques et sociaux sur la fabrication de la ville. Il s\u2019agit aussi de proposer des pistes pour habiter le monde autrement.<\/p>\n<p>Depuis 3 ans, la Fondation soutient associations, collectifs, petites entreprises et collaborateurs de l&rsquo;agence dans le d\u00e9veloppement de diff\u00e9rents projets en faveur de la biodiversit\u00e9.<\/p>\n<p>[\/et_pb_text][et_pb_image src=\u00a0\u00bbhttps:\/\/anma.fr\/wp-content\/uploads\/2021\/10\/IMG_1090_WEB_RET.jpg\u00a0\u00bb alt=\u00a0\u00bbFondation d&rsquo;entreprise ANMA\u00a0\u00bb title_text=\u00a0\u00bbFondation d&rsquo;entreprise ANMA\u00a0\u00bb admin_label=\u00a0\u00bbImage\u00a0\u00bb module_class=\u00a0\u00bbcarrousel-cell\u00a0\u00bb _builder_version=\u00a0\u00bb4.16&Prime; background_color=\u00a0\u00bbrgba(0,0,0,0)\u00a0\u00bb background_enable_image=\u00a0\u00bboff\u00a0\u00bb custom_margin=\u00a0\u00bb||||false|false\u00a0\u00bb custom_padding=\u00a0\u00bb|0px||||\u00a0\u00bb border_color_all=\u00a0\u00bb#ffffff\u00a0\u00bb global_colors_info=\u00a0\u00bb{}\u00a0\u00bb][\/et_pb_image][et_pb_text content_last_edited=\u00a0\u00bboff|desktop\u00a0\u00bb disabled_on=\u00a0\u00bboff|off|off\u00a0\u00bb admin_label=\u00a0\u00bbPROJETS EN COURS\u00a0\u00bb module_id=\u00a0\u00bbRecherche\u00a0\u00bb module_class=\u00a0\u00bbcarrousel-cell\u00a0\u00bb _builder_version=\u00a0\u00bb4.27.4&Prime; text_text_color=\u00a0\u00bb#000000&Prime; text_font_size=\u00a0\u00bb1.07em\u00a0\u00bb header_font=\u00a0\u00bb|300|||||||\u00a0\u00bb header_font_size=\u00a0\u00bb1.56em\u00a0\u00bb header_2_font=\u00a0\u00bb|300||on|||||\u00a0\u00bb header_2_font_size=\u00a0\u00bb2.14em\u00a0\u00bb header_3_font=\u00a0\u00bb|300|||||||\u00a0\u00bb header_3_text_color=\u00a0\u00bb#000000&Prime; header_3_line_height=\u00a0\u00bb1.3em\u00a0\u00bb background_color=\u00a0\u00bb#ededed\u00a0\u00bb width=\u00a0\u00bb29.38em\u00a0\u00bb width_tablet=\u00a0\u00bb98%\u00a0\u00bb width_phone=\u00a0\u00bb98%\u00a0\u00bb width_last_edited=\u00a0\u00bbon|desktop\u00a0\u00bb height=\u00a0\u00bb100%\u00a0\u00bb max_height=\u00a0\u00bb1080px\u00a0\u00bb overflow-x=\u00a0\u00bbhidden\u00a0\u00bb overflow-y=\u00a0\u00bbhidden\u00a0\u00bb custom_margin=\u00a0\u00bb||||false|false\u00a0\u00bb custom_padding=\u00a0\u00bb14.38em|1.25em||1.25em|false|true\u00a0\u00bb custom_padding_tablet=\u00a0\u00bb\u00a0\u00bb custom_padding_phone=\u00a0\u00bb5em||||false|true\u00a0\u00bb custom_padding_last_edited=\u00a0\u00bbon|phone\u00a0\u00bb text_font_size_tablet=\u00a0\u00bb\u00a0\u00bb text_font_size_phone=\u00a0\u00bb0.97em\u00a0\u00bb text_font_size_last_edited=\u00a0\u00bbon|phone\u00a0\u00bb header_font_size_tablet=\u00a0\u00bb\u00a0\u00bb header_font_size_phone=\u00a0\u00bb\u00a0\u00bb header_font_size_last_edited=\u00a0\u00bbon|phone\u00a0\u00bb header_2_font_size_tablet=\u00a0\u00bb\u00a0\u00bb header_2_font_size_phone=\u00a0\u00bb1.57em\u00a0\u00bb header_2_font_size_last_edited=\u00a0\u00bbon|desktop\u00a0\u00bb overflow-x_tablet=\u00a0\u00bb\u00a0\u00bb overflow-x_phone=\u00a0\u00bb\u00a0\u00bb overflow-x_last_edited=\u00a0\u00bbon|phone\u00a0\u00bb overflow-y_tablet=\u00a0\u00bbhidden\u00a0\u00bb overflow-y_phone=\u00a0\u00bbhidden\u00a0\u00bb overflow-y_last_edited=\u00a0\u00bbon|desktop\u00a0\u00bb global_module=\u00a0\u00bb231659&Prime; saved_tabs=\u00a0\u00bball\u00a0\u00bb global_colors_info=\u00a0\u00bb{}\u00a0\u00bb]<\/p>\n<h2><b><br \/>PROJETS<br \/><\/b>et partenariats<\/h2>\n<p>&nbsp;<\/p>\n<p><a href=\"https:\/\/anma.fr\/fr\/projets\/cine-debats\/\"><strong>Cin\u00e9 d\u00e9bats<\/strong><\/a><br \/>\u00c9v\u00e8nements biannuels internes ANMA &#8211; Paris, depuis 2022<\/p>\n<p><a href=\"https:\/\/anma.fr\/fr\/projets\/festival-close-up\/\"><strong>Close-Up Festival<\/strong><\/a><br \/>Soutien au festival de cin\u00e9ma sur la ville et les territoires, depuis 2024<\/p>\n<p><a href=\"https:\/\/anma.fr\/fr\/projets\/generation-t-pour-la-terre\/\"><strong>G\u00e9n\u00e9ration T pour la Terre<\/strong><\/a><br \/>Soutien au concours d&rsquo;\u00e9criture par la maison d&rsquo;\u00e9dition Terre Urbaine &#8211; 2022<\/p>\n<p><strong><a href=\"https:\/\/anma.fr\/fr\/projets\/la-fresque-du-climat\/\">La Fresque du Climat<\/a><br \/><\/strong>\u00c9v\u00e8nement interne ANMA &#8211; Paris, 2022<\/p>\n<p><a href=\"https:\/\/anma.fr\/fr\/projets\/la-fresque-du-sol\/\"><strong>La Fresque du Sol<\/strong><\/a><br \/>\u00c9v\u00e8nement interne ANMA &#8211; Paris, 2024<\/p>\n<p><a href=\"https:\/\/anma.fr\/fr\/projets\/residence-de-leau\/\"><strong>M\u00e9nage ton Canal<\/strong><\/a><br \/>Soutien au festival \u00e9co-ludique organis\u00e9 par Enlarge Your Paris &#8211; Paris, 2022 et 2023<\/p>\n<p><a href=\"https:\/\/anma.fr\/fr\/projets\/potager\/\"><b>Potagers sur le toit<\/b><\/a><br \/>Agriculture urbaine &#8211; Paris, depuis 2019<\/p>\n<p>&nbsp;<\/p>\n<p>[\/et_pb_text][et_pb_text content_last_edited=\u00a0\u00bboff|desktop\u00a0\u00bb disabled_on=\u00a0\u00bboff|off|off\u00a0\u00bb admin_label=\u00a0\u00bbPROJETS EN COURS\u00a0\u00bb module_id=\u00a0\u00bbRecherche\u00a0\u00bb module_class=\u00a0\u00bbcarrousel-cell\u00a0\u00bb _builder_version=\u00a0\u00bb4.27.4&Prime; text_text_color=\u00a0\u00bb#000000&Prime; text_font_size=\u00a0\u00bb1.07em\u00a0\u00bb header_font=\u00a0\u00bb|300|||||||\u00a0\u00bb header_font_size=\u00a0\u00bb1.56em\u00a0\u00bb header_2_font=\u00a0\u00bb|300||on|||||\u00a0\u00bb header_2_font_size=\u00a0\u00bb2.14em\u00a0\u00bb header_3_font=\u00a0\u00bb|300|||||||\u00a0\u00bb header_3_text_color=\u00a0\u00bb#000000&Prime; header_3_line_height=\u00a0\u00bb1.3em\u00a0\u00bb background_color=\u00a0\u00bb#ededed\u00a0\u00bb width=\u00a0\u00bb29.38em\u00a0\u00bb width_tablet=\u00a0\u00bb98%\u00a0\u00bb width_phone=\u00a0\u00bb98%\u00a0\u00bb width_last_edited=\u00a0\u00bbon|desktop\u00a0\u00bb height=\u00a0\u00bb100%\u00a0\u00bb max_height=\u00a0\u00bb1080px\u00a0\u00bb overflow-x=\u00a0\u00bbhidden\u00a0\u00bb overflow-y=\u00a0\u00bbhidden\u00a0\u00bb custom_margin=\u00a0\u00bb||||false|false\u00a0\u00bb custom_padding=\u00a0\u00bb14.38em|1.25em||1.25em|false|true\u00a0\u00bb custom_padding_tablet=\u00a0\u00bb\u00a0\u00bb custom_padding_phone=\u00a0\u00bb5em||||false|true\u00a0\u00bb custom_padding_last_edited=\u00a0\u00bbon|phone\u00a0\u00bb text_font_size_tablet=\u00a0\u00bb\u00a0\u00bb text_font_size_phone=\u00a0\u00bb0.97em\u00a0\u00bb text_font_size_last_edited=\u00a0\u00bbon|phone\u00a0\u00bb header_font_size_tablet=\u00a0\u00bb\u00a0\u00bb header_font_size_phone=\u00a0\u00bb\u00a0\u00bb header_font_size_last_edited=\u00a0\u00bbon|phone\u00a0\u00bb header_2_font_size_tablet=\u00a0\u00bb\u00a0\u00bb header_2_font_size_phone=\u00a0\u00bb1.57em\u00a0\u00bb header_2_font_size_last_edited=\u00a0\u00bbon|desktop\u00a0\u00bb overflow-x_tablet=\u00a0\u00bb\u00a0\u00bb overflow-x_phone=\u00a0\u00bb\u00a0\u00bb overflow-x_last_edited=\u00a0\u00bbon|phone\u00a0\u00bb overflow-y_tablet=\u00a0\u00bbhidden\u00a0\u00bb overflow-y_phone=\u00a0\u00bbhidden\u00a0\u00bb overflow-y_last_edited=\u00a0\u00bbon|desktop\u00a0\u00bb global_module=\u00a0\u00bb231659&Prime; saved_tabs=\u00a0\u00bball\u00a0\u00bb global_colors_info=\u00a0\u00bb{}\u00a0\u00bb]<\/p>\n<p>&nbsp;<\/p>\n<p>&nbsp;<\/p>\n<p>&nbsp;<\/p>\n<p>&nbsp;<\/p>\n<p><b><a href=\"https:\/\/anma.fr\/fr\/projets\/les-ruches\/\">Ruches sur le toit<\/a><br \/><\/b>Paris, depuis 2019<\/p>\n<p><b><a href=\"https:\/\/anma.fr\/fr\/projets\/fondation-run-for-planet\/\">Run for Planet<\/a><br \/><\/b>Course caritative au profit de la LPO &#8211; Paris, 2022, 2025<\/p>\n<p><strong><a href=\"https:\/\/anma.fr\/fr\/projets\/ateliers-ecole-martel\/\">Sensibilisation \u00e0 la fabrique du paysage urbain<\/a><br \/><\/strong>\u00a0Ateliers p\u00e9dagogiques &#8211; Paris, \u00c9cole Martel, \u00c9cole Saint-Denis, depuis 2022<\/p>\n<p><b><a href=\"https:\/\/anma.fr\/fr\/projets\/terre-terrain-territoire\/\">Terre, Terrain, Territoire<\/a><br \/><\/b>Exposition itin\u00e9rante &#8211; 2022-2025<\/p>\n<p><a href=\"https:\/\/anma.fr\/fr\/projets\/discussion-autour-des-sols\/\"><strong>Terre Terrain Territoire, Discussion autour des sols<\/strong><\/a><br \/>Ouvrage recherche, ANMA &#8211; Paris, 2023<\/p>\n<p>&nbsp;<\/p>\n<p>&nbsp;<\/p>\n<p>[\/et_pb_text][et_pb_image src=\u00a0\u00bbhttps:\/\/anma.fr\/wp-content\/uploads\/2026\/03\/250416_photo-ruche_02_WEB.jpg\u00a0\u00bb alt=\u00a0\u00bbFondation ANMA Paris Ruches\u00a0\u00bb title_text=\u00a0\u00bb250416_photo-ruche_02_WEB\u00a0\u00bb admin_label=\u00a0\u00bbImage\u00a0\u00bb module_class=\u00a0\u00bbcarrousel-cell\u00a0\u00bb _builder_version=\u00a0\u00bb4.27.4&Prime; background_color=\u00a0\u00bbrgba(0,0,0,0)\u00a0\u00bb background_enable_image=\u00a0\u00bboff\u00a0\u00bb custom_margin=\u00a0\u00bb||||false|false\u00a0\u00bb custom_padding=\u00a0\u00bb|0px||||\u00a0\u00bb border_color_all=\u00a0\u00bb#ffffff\u00a0\u00bb global_colors_info=\u00a0\u00bb{}\u00a0\u00bb][\/et_pb_image][et_pb_text content_last_edited=\u00a0\u00bboff|desktop\u00a0\u00bb disabled_on=\u00a0\u00bboff|off|off\u00a0\u00bb admin_label=\u00a0\u00bbEquipe et contact\u00a0\u00bb module_class=\u00a0\u00bbcarrousel-cell\u00a0\u00bb _builder_version=\u00a0\u00bb4.27.4&Prime; text_text_color=\u00a0\u00bb#000000&Prime; text_font_size=\u00a0\u00bb1.07em\u00a0\u00bb header_font=\u00a0\u00bb|300|||||||\u00a0\u00bb header_font_size=\u00a0\u00bb1.56em\u00a0\u00bb header_2_font=\u00a0\u00bb|300||on|||||\u00a0\u00bb header_2_font_size=\u00a0\u00bb2.14em\u00a0\u00bb header_3_font=\u00a0\u00bb|300|||||||\u00a0\u00bb header_3_text_color=\u00a0\u00bb#000000&Prime; header_3_line_height=\u00a0\u00bb1.3em\u00a0\u00bb background_color=\u00a0\u00bb#ededed\u00a0\u00bb width=\u00a0\u00bb29.38em\u00a0\u00bb width_tablet=\u00a0\u00bb98%\u00a0\u00bb width_phone=\u00a0\u00bb98%\u00a0\u00bb width_last_edited=\u00a0\u00bbon|desktop\u00a0\u00bb height=\u00a0\u00bb100%\u00a0\u00bb max_height=\u00a0\u00bb1080px\u00a0\u00bb overflow-x=\u00a0\u00bbhidden\u00a0\u00bb overflow-y=\u00a0\u00bbhidden\u00a0\u00bb custom_margin=\u00a0\u00bb||||false|false\u00a0\u00bb custom_padding=\u00a0\u00bb14.38em|1.25em||1.25em|false|true\u00a0\u00bb custom_padding_tablet=\u00a0\u00bb\u00a0\u00bb custom_padding_phone=\u00a0\u00bb5em||||false|true\u00a0\u00bb custom_padding_last_edited=\u00a0\u00bbon|phone\u00a0\u00bb text_font_size_tablet=\u00a0\u00bb\u00a0\u00bb text_font_size_phone=\u00a0\u00bb0.97em\u00a0\u00bb text_font_size_last_edited=\u00a0\u00bbon|phone\u00a0\u00bb header_font_size_tablet=\u00a0\u00bb\u00a0\u00bb header_font_size_phone=\u00a0\u00bb\u00a0\u00bb header_font_size_last_edited=\u00a0\u00bbon|phone\u00a0\u00bb header_2_font_size_tablet=\u00a0\u00bb\u00a0\u00bb header_2_font_size_phone=\u00a0\u00bb1.57em\u00a0\u00bb header_2_font_size_last_edited=\u00a0\u00bbon|desktop\u00a0\u00bb overflow-x_tablet=\u00a0\u00bb\u00a0\u00bb overflow-x_phone=\u00a0\u00bb\u00a0\u00bb overflow-x_last_edited=\u00a0\u00bbon|phone\u00a0\u00bb overflow-y_tablet=\u00a0\u00bbhidden\u00a0\u00bb overflow-y_phone=\u00a0\u00bbhidden\u00a0\u00bb overflow-y_last_edited=\u00a0\u00bbon|desktop\u00a0\u00bb global_module=\u00a0\u00bb231659&Prime; saved_tabs=\u00a0\u00bball\u00a0\u00bb global_colors_info=\u00a0\u00bb{}\u00a0\u00bb]<\/p>\n<h2><b>\u00c9quipe <\/b>et contact<\/h2>\n<p>&nbsp;<\/p>\n<p><strong>Pr\u00e9sidente<br \/><\/strong>Anne-Laure d&rsquo;Artemare<\/p>\n<p><strong>Vice-Pr\u00e9sidente<\/strong><br \/>Faustine Robert<\/p>\n<p><strong>Directrice<\/strong><br \/>Marie van Merris<\/p>\n<p><strong>Repr\u00e9sentant du personnel<\/strong><br \/>S\u00e9bastien Moinet<\/p>\n<p><strong>Personne qualifi\u00e9e<\/strong><strong><br \/><\/strong>Vianney Delourme &#8211; Pr\u00e9sident du m\u00e9dia Enlarge Your Paris<\/p>\n<p><strong>Adresse<br \/><\/strong>9 cour des Petites Ecuries, Paris 75010<br \/>communication@anma.fr &#8211; 01 53 34 00 01<\/p>\n<p>Vous pouvez retrouver la Fondation d&rsquo;entreprise ANMA sur sa page <a href=\"https:\/\/bit.ly\/3FlC03e\"><strong>LinkedIn<\/strong>\u00a0<\/a>et sur sa page <strong><a href=\"https:\/\/bit.ly\/3FiZ2YJ\">Instagram<\/a><\/strong>.<\/p>\n<p>[\/et_pb_text][et_pb_image src=\u00a0\u00bbhttps:\/\/anma.fr\/wp-content\/uploads\/2026\/03\/IMG_2243_web.jpg\u00a0\u00bb alt=\u00a0\u00bbANMA 9 cour des Petites \u00c9curies\u00a0\u00bb title_text=\u00a0\u00bbIMG_2243_web\u00a0\u00bb admin_label=\u00a0\u00bbImage\u00a0\u00bb module_class=\u00a0\u00bbcarrousel-cell\u00a0\u00bb _builder_version=\u00a0\u00bb4.27.4&Prime; background_color=\u00a0\u00bbrgba(0,0,0,0)\u00a0\u00bb background_enable_image=\u00a0\u00bboff\u00a0\u00bb custom_margin=\u00a0\u00bb||||false|false\u00a0\u00bb custom_padding=\u00a0\u00bb|0px||||\u00a0\u00bb border_color_all=\u00a0\u00bb#ffffff\u00a0\u00bb global_colors_info=\u00a0\u00bb{}\u00a0\u00bb][\/et_pb_image][et_pb_text content_last_edited=\u00a0\u00bboff|desktop\u00a0\u00bb disabled_on=\u00a0\u00bboff|off|off\u00a0\u00bb admin_label=\u00a0\u00bbEquipe et contact\u00a0\u00bb module_class=\u00a0\u00bbcarrousel-cell\u00a0\u00bb _builder_version=\u00a0\u00bb4.27.4&Prime; text_text_color=\u00a0\u00bb#000000&Prime; text_font_size=\u00a0\u00bb1.07em\u00a0\u00bb header_font=\u00a0\u00bb|300|||||||\u00a0\u00bb header_font_size=\u00a0\u00bb1.56em\u00a0\u00bb header_2_font=\u00a0\u00bb|300||on|||||\u00a0\u00bb header_2_font_size=\u00a0\u00bb2.14em\u00a0\u00bb header_3_font=\u00a0\u00bb|300|||||||\u00a0\u00bb header_3_text_color=\u00a0\u00bb#000000&Prime; header_3_line_height=\u00a0\u00bb1.3em\u00a0\u00bb background_color=\u00a0\u00bb#ededed\u00a0\u00bb width=\u00a0\u00bb29.38em\u00a0\u00bb width_tablet=\u00a0\u00bb98%\u00a0\u00bb width_phone=\u00a0\u00bb98%\u00a0\u00bb width_last_edited=\u00a0\u00bbon|desktop\u00a0\u00bb height=\u00a0\u00bb100%\u00a0\u00bb max_height=\u00a0\u00bb1080px\u00a0\u00bb overflow-x=\u00a0\u00bbhidden\u00a0\u00bb overflow-y=\u00a0\u00bbhidden\u00a0\u00bb custom_margin=\u00a0\u00bb||||false|false\u00a0\u00bb custom_padding=\u00a0\u00bb14.38em|1.25em||1.25em|false|true\u00a0\u00bb custom_padding_tablet=\u00a0\u00bb\u00a0\u00bb custom_padding_phone=\u00a0\u00bb5em||||false|true\u00a0\u00bb custom_padding_last_edited=\u00a0\u00bbon|phone\u00a0\u00bb text_font_size_tablet=\u00a0\u00bb\u00a0\u00bb text_font_size_phone=\u00a0\u00bb0.97em\u00a0\u00bb text_font_size_last_edited=\u00a0\u00bbon|phone\u00a0\u00bb header_font_size_tablet=\u00a0\u00bb\u00a0\u00bb header_font_size_phone=\u00a0\u00bb\u00a0\u00bb header_font_size_last_edited=\u00a0\u00bbon|phone\u00a0\u00bb header_2_font_size_tablet=\u00a0\u00bb\u00a0\u00bb header_2_font_size_phone=\u00a0\u00bb1.57em\u00a0\u00bb header_2_font_size_last_edited=\u00a0\u00bbon|desktop\u00a0\u00bb overflow-x_tablet=\u00a0\u00bb\u00a0\u00bb overflow-x_phone=\u00a0\u00bb\u00a0\u00bb overflow-x_last_edited=\u00a0\u00bbon|phone\u00a0\u00bb overflow-y_tablet=\u00a0\u00bbhidden\u00a0\u00bb overflow-y_phone=\u00a0\u00bbhidden\u00a0\u00bb overflow-y_last_edited=\u00a0\u00bbon|desktop\u00a0\u00bb global_module=\u00a0\u00bb231659&Prime; saved_tabs=\u00a0\u00bball\u00a0\u00bb global_colors_info=\u00a0\u00bb{}\u00a0\u00bb]<\/p>\n<h2><b>cycles <\/b>pass\u00e9s<\/h2>\n<p>&nbsp;<\/p>\n<p>Expositions et d\u00e9bats ayant eu lieu \u00e0 \u00ab\u00a0la manne\u00a0\u00bb entre 2013 et 2019.<\/p>\n<p><a href=\"https:\/\/anma.fr\/projets\/fulton-daniel-michelin\/\"><b>Fulton Daniel Michelin<br \/><\/b>1 rue Fulton, Paris, 2017<\/a><\/p>\n<p><a href=\"https:\/\/anma.fr\/projets\/renouveau\/\"><strong>(Re)Nouveau &#8211; 25 Quartiers Renouvel\u00e9s<br \/><\/strong>La Manne, Paris, 2015<\/a><\/p>\n<p><a href=\"https:\/\/anma.fr\/anma\/fr\/projets\/manifeste-a\/\"><strong>Manifeste A Pour Une Nouvelle Fabrique de la Ville<\/strong><\/a><br \/><a href=\"https:\/\/anma.fr\/projets\/manifeste-a\/\">La Manne Paris, 2015<\/a><\/p>\n<p><a href=\"https:\/\/anma.fr\/projets\/alger-en-vies\/\"><b>Alger en Vies<br \/><\/b>La Manne, Paris, 2015<\/a><\/p>\n<p><a href=\"https:\/\/anma.fr\/projets\/argent-logement-autrement\/\"><b>Argent Logement Autrement<br \/><\/b>La Manne, Paris, 2014<\/a><\/p>\n<p><a href=\"https:\/\/anma.fr\/projets\/agriculture-urbaine\/\"><b>Agriculture Urbaine<br \/><\/b>La Manne, Paris, 2013<\/a><\/p>\n<div class=\"wp-menu-arrow\">\u00a0<\/div>\n<p>[\/et_pb_text][\/et_pb_column][\/et_pb_row][\/et_pb_section]<\/p>\n","protected":false},"excerpt":{"rendered":"<p>BIODIVERSIT\u00c9S URBAINEs&amp; INT\u00c9R\u00caT G\u00c9N\u00c9RAL &nbsp; La Fondation d\u2019entreprise ANMA a pris vie en 2013 au sein d\u2019un lieu d\u2019exposition et de rencontres \u00ab la manne \u00bb, dans le 10\u00e8me arrondissement de Paris. Depuis 2019, l\u2019aventure continue sous une nouvelle forme. La Fondation a pour vocation de soutenir, accompagner et promouvoir des projets pour pr\u00e9server les [&hellip;]<\/p>\n","protected":false},"author":1,"featured_media":0,"parent":0,"menu_order":0,"comment_status":"closed","ping_status":"closed","template":"","meta":{"_acf_changed":false,"_et_pb_use_builder":"on","_et_pb_old_content":"","_et_gb_content_width":"","footnotes":""},"class_list":["post-240499","page","type-page","status-publish","hentry"],"acf":[],"_links":{"self":[{"href":"https:\/\/anma.fr\/fr\/wp-json\/wp\/v2\/pages\/240499","targetHints":{"allow":["GET"]}}],"collection":[{"href":"https:\/\/anma.fr\/fr\/wp-json\/wp\/v2\/pages"}],"about":[{"href":"https:\/\/anma.fr\/fr\/wp-json\/wp\/v2\/types\/page"}],"author":[{"embeddable":true,"href":"https:\/\/anma.fr\/fr\/wp-json\/wp\/v2\/users\/1"}],"replies":[{"embeddable":true,"href":"https:\/\/anma.fr\/fr\/wp-json\/wp\/v2\/comments?post=240499"}],"version-history":[{"count":21,"href":"https:\/\/anma.fr\/fr\/wp-json\/wp\/v2\/pages\/240499\/revisions"}],"predecessor-version":[{"id":262621,"href":"https:\/\/anma.fr\/fr\/wp-json\/wp\/v2\/pages\/240499\/revisions\/262621"}],"wp:attachment":[{"href":"https:\/\/anma.fr\/fr\/wp-json\/wp\/v2\/media?parent=240499"}],"curies":[{"name":"wp","href":"https:\/\/api.w.org\/{rel}","templated":true}]}}